{"id":100,"date":"2020-12-11T17:05:05","date_gmt":"2020-12-11T16:05:05","guid":{"rendered":"http:\/\/www.swjanzakrzow.archidiecezja.wroc.pl\/?page_id=100"},"modified":"2020-12-11T23:30:19","modified_gmt":"2020-12-11T22:30:19","slug":"wspolnota-krwi-chrystusa","status":"publish","type":"page","link":"http:\/\/www.swjanzakrzow.archidiecezja.wroc.pl\/?page_id=100","title":{"rendered":"WSP\u00d3LNOTA KRWI CHRYSTUSA"},"content":{"rendered":"<p style=\"text-align: justify;\"><img decoding=\"async\" loading=\"lazy\" class=\"size-medium wp-image-174 alignleft\" src=\"http:\/\/www.swjanzakrzow.archidiecezja.wroc.pl\/wp-content\/uploads\/2020\/12\/OIP-12-160x300.jpeg\" alt=\"\" width=\"160\" height=\"300\" srcset=\"http:\/\/www.swjanzakrzow.archidiecezja.wroc.pl\/wp-content\/uploads\/2020\/12\/OIP-12-160x300.jpeg 160w, http:\/\/www.swjanzakrzow.archidiecezja.wroc.pl\/wp-content\/uploads\/2020\/12\/OIP-12.jpeg 474w\" sizes=\"(max-width: 160px) 100vw, 160px\" \/>Wsp\u00f3lnota Krwi Chrystusa jest duchow\u0105 rodzin\u0105 skupiaj\u0105c\u0105 osoby \u015bwieckie i zakonne, kt\u00f3re zobowi\u0105zuj\u0105 si\u0119 pog\u0142\u0119bia\u0107 duchowo\u015b\u0107 Przenajdro\u017cszej Krwi Chrystusa i \u017cy\u0107 Ni\u0105. Pan Jezus odkupi\u0142 nas wszystkich swoj\u0105 Krwi\u0105 i dlatego naszym zadaniem jest uwielbia\u0107 i adorowa\u0107 Chrystusa Ukrzy\u017cowanego. Chrystus ratuje nas nie srebrem, nie z\u0142otem, ale przez mi\u0142o\u015b\u0107, ofiarno\u015b\u0107, przez dawanie w\u0142asnego \u017cycia. Po\u015bwi\u0119ca Samego Siebie.<\/p>\n<p style=\"text-align: justify;\">G\u0142\u00f3wnym zadaniem ruchu jest formacja duchowa jego cz\u0142onk\u00f3w, kt\u00f3ra powinna wp\u0142ywa\u0107 na otoczenie; przede wszystkim w rodzinie, ale r\u00f3wnie\u017c w miejscu pracy, parafii. Formacja ta odbywa si\u0119 w czasie rekolekcji i skupie\u0144 w Domu Misyjnym, a tak\u017ce podczas spotka\u0144 w parafii i diecezji.<\/p>\n<p style=\"text-align: justify;\">Wsp\u00f3lnota taka powstaje na terenie parafii tylko i wy\u0142\u0105cznie za zgod\u0105 Ksi\u0119dza Proboszcza kt\u00f3ry aprobuje odpowiedzialnych na terenie parafii.<\/p>\n<p style=\"text-align: justify;\">Do Wsp\u00f3lnoty mo\u017cna nale\u017ce\u0107 indywidualnie lub modli\u0107 si\u0119 w grupie. Ka\u017cdy chrze\u015bcijanin mo\u017ce zapisa\u0107 si\u0119 do Wsp\u00f3lnoty Krwi Chrystusa i uczestniczy\u0107 indywidualnie w tej duchowej rodzinie. Nie jest wtedy zobowi\u0105zany do udzia\u0142u w spotkaniach, ale jest zobowi\u0105zany do og\u00f3lnej gotowo\u015bci \u017cycia wed\u0142ug duchowo\u015bci Krwi Chrystusa.<\/p>\n<p style=\"text-align: justify;\">Wsp\u00f3lnota modlitwy to grupa os\u00f3b mieszkaj\u0105cych blisko siebie, kt\u00f3rzy spotykaj\u0105 si\u0119 na przyk\u0142ad, co tydzie\u0144 w domu jednego z cz\u0142onk\u00f3w na wsp\u00f3lnej modlitwie. Obecno\u015b\u0107 Jezusa w\u015br\u00f3d nich czyni mieszkanie Domem Bo\u017cym i u\u015bwi\u0119ca \u017cycie s\u0105siedzkie. Cz\u0142onkowie wsp\u00f3lnoty modlitwy, kt\u00f3rzy pragn\u0105 dodatkowo anga\u017cowa\u0107 si\u0119 w apostolstwie Ko\u015bcio\u0142a mog\u0105 prosi\u0107 o przyj\u0119cie do Wsp\u00f3lnoty Misyjnej Krwi Chrystusa. Apostolstwo ka\u017cdego chrze\u015bcijanina zaczyna si\u0119 we w\u0142asnej rodzinie, na miejscu pracy, szkole, we w\u0142asnej parafii. Przyk\u0142ad \u017cycia: rado\u015b\u0107 i pok\u00f3j serca s\u0105 najwymowniejszym g\u0142oszeniem Ewangelii Chrystusa. Nasze apostolstwo mo\u017cemy realizowa\u0107 poprzez pomoc Chrystusowi. Chrystus tak\u017ce dzisiaj potrzebuje pomocnik\u00f3w: ludzi, kt\u00f3rzy po\u015bwi\u0119caj\u0105 czas, si\u0142y, talenty, wyobra\u017ani\u0119, rado\u015b\u0107 i cierpienie dla niesienia \u015bwiatu Bo\u017cej mi\u0142o\u015bci. Pomoc wzajemn\u0105, Misjonarzom, potrzebuj\u0105cym i pomoc ludziom dobrej woli. Centrum naszego Ruchu znajduje si\u0119 przy Sanktuarium Krwi Chrystusa w Cz\u0119stochowie, jest tam tak\u017ce intronizowana Relikwia Krwi Chrystusa z Golgoty.<\/p>\n","protected":false},"excerpt":{"rendered":"<p>Wsp\u00f3lnota Krwi Chrystusa jest duchow\u0105 rodzin\u0105 skupiaj\u0105c\u0105 osoby \u015bwieckie i zakonne, kt\u00f3re zobowi\u0105zuj\u0105 si\u0119 pog\u0142\u0119bia\u0107 duchowo\u015b\u0107 Przenajdro\u017cszej Krwi Chrystusa i \u017cy\u0107 Ni\u0105. Pan Jezus odkupi\u0142 nas wszystkich swoj\u0105 Krwi\u0105 i dlatego naszym zadaniem jest uwielbia\u0107 i adorowa\u0107 Chrystusa Ukrzy\u017cowanego. Chrystus ratuje nas nie srebrem, nie z\u0142otem, ale przez mi\u0142o\u015b\u0107, ofiarno\u015b\u0107, przez dawanie w\u0142asnego \u017cycia. Po\u015bwi\u0119ca [&hellip;]<\/p>\n","protected":false},"author":2,"featured_media":0,"parent":0,"menu_order":0,"comment_status":"closed","ping_status":"closed","template":"","meta":[],"_links":{"self":[{"href":"http:\/\/www.swjanzakrzow.archidiecezja.wroc.pl\/index.php?rest_route=\/wp\/v2\/pages\/100"}],"collection":[{"href":"http:\/\/www.swjanzakrzow.archidiecezja.wroc.pl\/index.php?rest_route=\/wp\/v2\/pages"}],"about":[{"href":"http:\/\/www.swjanzakrzow.archidiecezja.wroc.pl\/index.php?rest_route=\/wp\/v2\/types\/page"}],"author":[{"embeddable":true,"href":"http:\/\/www.swjanzakrzow.archidiecezja.wroc.pl\/index.php?rest_route=\/wp\/v2\/users\/2"}],"replies":[{"embeddable":true,"href":"http:\/\/www.swjanzakrzow.archidiecezja.wroc.pl\/index.php?rest_route=%2Fwp%2Fv2%2Fcomments&post=100"}],"version-history":[{"count":3,"href":"http:\/\/www.swjanzakrzow.archidiecezja.wroc.pl\/index.php?rest_route=\/wp\/v2\/pages\/100\/revisions"}],"predecessor-version":[{"id":175,"href":"http:\/\/www.swjanzakrzow.archidiecezja.wroc.pl\/index.php?rest_route=\/wp\/v2\/pages\/100\/revisions\/175"}],"wp:attachment":[{"href":"http:\/\/www.swjanzakrzow.archidiecezja.wroc.pl\/index.php?rest_route=%2Fwp%2Fv2%2Fmedia&parent=100"}],"curies":[{"name":"wp","href":"https:\/\/api.w.org\/{rel}","templated":true}]}}