{"id":199,"date":"2020-12-12T00:26:01","date_gmt":"2020-12-11T23:26:01","guid":{"rendered":"http:\/\/www.swjanzakrzow.archidiecezja.wroc.pl\/?page_id=199"},"modified":"2020-12-12T00:29:30","modified_gmt":"2020-12-11T23:29:30","slug":"schola-gaudium","status":"publish","type":"page","link":"http:\/\/www.swjanzakrzow.archidiecezja.wroc.pl\/?page_id=199","title":{"rendered":"SCHOLA GAUDIUM"},"content":{"rendered":"<p style=\"text-align: justify;\">Schola Gaudium powsta\u0142a we wrze\u015bniu 2017 roku. Tworz\u0105 j\u0105 dzieci z naszej parafii (maluszki, przedszkolaki i uczniowie szk\u00f3\u0142 podstawowych). Jest nas ca\u0142kiem sporo \u2013 grupa liczy ok. 40 os\u00f3b!<\/p>\n<p style=\"text-align: justify;\">Gaudium oznacza \u201erado\u015b\u0107\u201d. Swoim radosnym \u015bpiewem staramy si\u0119 u\u015bwietnia\u0107 niedzielne Msze \u015awi\u0119te z udzia\u0142em dzieci o godz. 10:30. Podczas pr\u00f3b uczymy si\u0119 piosenek, doskonalimy warsztat wokalny, poznajemy r\u00f3wie\u015bnik\u00f3w i przede wszystkim dobrze si\u0119 bawimy.<\/p>\n<p style=\"text-align: justify;\">Organizujemy niewielkie koncerty oraz bierzemy udzia\u0142 w konkursach i przegl\u0105dach.<\/p>\n<p style=\"text-align: justify;\">Zapraszamy w nasze szeregi dzieci w ka\u017cdym wieku! Nie trzeba zna\u0107 nut, ani nawet umie\u0107 czyta\u0107 \u2013 wystarcz\u0105 ch\u0119ci i szeroki u\u015bmiech!<\/p>\n","protected":false},"excerpt":{"rendered":"<p>Schola Gaudium powsta\u0142a we wrze\u015bniu 2017 roku. Tworz\u0105 j\u0105 dzieci z naszej parafii (maluszki, przedszkolaki i uczniowie szk\u00f3\u0142 podstawowych). Jest nas ca\u0142kiem sporo \u2013 grupa liczy ok. 40 os\u00f3b! Gaudium oznacza \u201erado\u015b\u0107\u201d. Swoim radosnym \u015bpiewem staramy si\u0119 u\u015bwietnia\u0107 niedzielne Msze \u015awi\u0119te z udzia\u0142em dzieci o godz. 10:30. Podczas pr\u00f3b uczymy si\u0119 piosenek, doskonalimy warsztat wokalny, [&hellip;]<\/p>\n","protected":false},"author":2,"featured_media":0,"parent":0,"menu_order":0,"comment_status":"closed","ping_status":"closed","template":"","meta":[],"_links":{"self":[{"href":"http:\/\/www.swjanzakrzow.archidiecezja.wroc.pl\/index.php?rest_route=\/wp\/v2\/pages\/199"}],"collection":[{"href":"http:\/\/www.swjanzakrzow.archidiecezja.wroc.pl\/index.php?rest_route=\/wp\/v2\/pages"}],"about":[{"href":"http:\/\/www.swjanzakrzow.archidiecezja.wroc.pl\/index.php?rest_route=\/wp\/v2\/types\/page"}],"author":[{"embeddable":true,"href":"http:\/\/www.swjanzakrzow.archidiecezja.wroc.pl\/index.php?rest_route=\/wp\/v2\/users\/2"}],"replies":[{"embeddable":true,"href":"http:\/\/www.swjanzakrzow.archidiecezja.wroc.pl\/index.php?rest_route=%2Fwp%2Fv2%2Fcomments&post=199"}],"version-history":[{"count":3,"href":"http:\/\/www.swjanzakrzow.archidiecezja.wroc.pl\/index.php?rest_route=\/wp\/v2\/pages\/199\/revisions"}],"predecessor-version":[{"id":203,"href":"http:\/\/www.swjanzakrzow.archidiecezja.wroc.pl\/index.php?rest_route=\/wp\/v2\/pages\/199\/revisions\/203"}],"wp:attachment":[{"href":"http:\/\/www.swjanzakrzow.archidiecezja.wroc.pl\/index.php?rest_route=%2Fwp%2Fv2%2Fmedia&parent=199"}],"curies":[{"name":"wp","href":"https:\/\/api.w.org\/{rel}","templated":true}]}}