{"id":229,"date":"2020-12-15T13:32:43","date_gmt":"2020-12-15T12:32:43","guid":{"rendered":"http:\/\/www.swjanzakrzow.archidiecezja.wroc.pl\/?page_id=229"},"modified":"2020-12-15T13:41:14","modified_gmt":"2020-12-15T12:41:14","slug":"roza-rozancowa-rodzicow-za-dzieci","status":"publish","type":"page","link":"http:\/\/www.swjanzakrzow.archidiecezja.wroc.pl\/?page_id=229","title":{"rendered":"R\u00f3\u017ca R\u00f3\u017ca\u0144cowa Rodzic\u00f3w za Dzieci"},"content":{"rendered":"<p style=\"text-align: justify;\"><img decoding=\"async\" loading=\"lazy\" class=\"size-full wp-image-236 alignleft\" src=\"http:\/\/www.swjanzakrzow.archidiecezja.wroc.pl\/wp-content\/uploads\/2020\/12\/images.png\" alt=\"\" width=\"209\" height=\"241\" \/>Najpi\u0119kniejsz\u0105 i najbardziej warto\u015bciow\u0105 rzecz\u0105, jak\u0105 rodzice mog\u0105 podarowa\u0107 swoim dzieciom, jest modlitwa. Szczeg\u00f3lnie modlitwa r\u00f3\u017ca\u0144cowa skierowana do Matki Bo\u017cej, kt\u00f3ra jak nikt inny wie, co to troska o w\u0142asne dziecko, i nigdy nie opu\u015bci nikogo kto prosi J\u0105 o pomoc w or\u0119dowaniu do Bo\u017cej Opatrzno\u015bci. Ile\u017c uwagi po\u015bwi\u0119camy zwyk\u0142ym codziennym czynno\u015bciom, a na wezwanie Bo\u017cej opieki szkoda nam czasu! Jezus nie \u017ca\u0142owa\u0142 swojego \u017cycia dla \u017cadnego, nawet najgorszego cz\u0142owieka, czemu my mamy \u017ca\u0142owa\u0107 tych paru minut dziennie ze swego czasu w\u0142asnym ukochanym dzieciom! Po\u015bwi\u0119cenie 4 &#8211; 5 minut dziennie, aby dziecko mia\u0142o opiek\u0119 przez 24 godziny, to wspania\u0142a Bo\u017ca ekonomia! Tylko trzeba si\u0119 na ni\u0105 zdoby\u0107! Oczywi\u015bcie, \u201epodj\u0119cia modlitwy nie mo\u017cna traktowa\u0107 magicznie i oczekiwa\u0107, \u017ce nagle B\u00f3g przemieni nasze dzieci w chodz\u0105ce anio\u0142ki albo \u017ce &#8220;przem\u00f3wi im do rozumu&#8221;. Nie zwalnia tak\u017ce rodzic\u00f3w z konkretnego dzia\u0142ania, aby m\u0105drze wychowywa\u0107 swoje dzieci i kierowa\u0107 ich rozwojem, jednak modlitwa takie dzia\u0142ania z pewno\u015bci\u0105 wspomo\u017ce. Dodatkowo \u015bwiadomo\u015b\u0107 wsp\u00f3lnej modlitwy i niezachwianej opieki Bo\u017cej nad dzieckiem daje rodzicowi nies\u0142ychany spok\u00f3j i cz\u0119sto uwalnia od l\u0119k\u00f3w o dziecko, o bezpiecze\u0144stwo teraz i w przysz\u0142o\u015bci. Uczestnictwo w R\u00f3\u017ca\u0144cu Rodzic\u00f3w polega na codziennej modlitwie jedn\u0105 dziesi\u0105tk\u0105 r\u00f3\u017ca\u0144ca w intencji dzieci. Ka\u017cdy uczestnik jest cz\u0142onkiem R\u00f3\u017cy sk\u0142adaj\u0105cej si\u0119 z 20 rodzic\u00f3w, kt\u00f3rzy odmawiaj\u0105 w ci\u0105gu dnia, w dowolnej chwili, jedn\u0105 wyznaczon\u0105 dziesi\u0105tk\u0119 r\u00f3\u017ca\u0144ca. (tj. 1x Ojcze Nasz, 10x Zdrowa\u015b Mario; Chwa\u0142a Ojcu). W ten spos\u00f3b codziennie rodzice odmawiaj\u0105 jeden ca\u0142y r\u00f3\u017caniec w intencji dzieci. Wi\u0119cej o R\u00f3\u017ca\u0144cu rodzic\u00f3w mo\u017cna poczyta\u0107 <a href=\"https:\/\/www.rozaniecrodzicow.pl\/about\">TUTAJ<\/a><\/p>\n<p><img decoding=\"async\" loading=\"lazy\" class=\"size-medium wp-image-237 aligncenter\" src=\"http:\/\/www.swjanzakrzow.archidiecezja.wroc.pl\/wp-content\/uploads\/2020\/12\/zdjecie-RRR-1080x675-1-300x188.jpg\" alt=\"\" width=\"300\" height=\"188\" srcset=\"http:\/\/www.swjanzakrzow.archidiecezja.wroc.pl\/wp-content\/uploads\/2020\/12\/zdjecie-RRR-1080x675-1-300x188.jpg 300w, http:\/\/www.swjanzakrzow.archidiecezja.wroc.pl\/wp-content\/uploads\/2020\/12\/zdjecie-RRR-1080x675-1-1024x640.jpg 1024w, http:\/\/www.swjanzakrzow.archidiecezja.wroc.pl\/wp-content\/uploads\/2020\/12\/zdjecie-RRR-1080x675-1-768x480.jpg 768w, http:\/\/www.swjanzakrzow.archidiecezja.wroc.pl\/wp-content\/uploads\/2020\/12\/zdjecie-RRR-1080x675-1-676x423.jpg 676w, http:\/\/www.swjanzakrzow.archidiecezja.wroc.pl\/wp-content\/uploads\/2020\/12\/zdjecie-RRR-1080x675-1.jpg 1080w\" sizes=\"(max-width: 300px) 100vw, 300px\" \/><\/p>\n<p style=\"text-align: center;\">Zach\u0119camy do wsp\u00f3lnej modlitwy!<\/p>\n<p style=\"text-align: center;\"><strong>Uczestnictwo w R\u00f3\u017ca\u0144cu Rodzic\u00f3w mo\u017cna zg\u0142asza\u0107 na adres e-mail\u00a0 kgkrasnicka@gmail.com\u00a0 lub telefonicznie 605 281 843 Katarzyna<\/strong><\/p>\n","protected":false},"excerpt":{"rendered":"<p>Najpi\u0119kniejsz\u0105 i najbardziej warto\u015bciow\u0105 rzecz\u0105, jak\u0105 rodzice mog\u0105 podarowa\u0107 swoim dzieciom, jest modlitwa. Szczeg\u00f3lnie modlitwa r\u00f3\u017ca\u0144cowa skierowana do Matki Bo\u017cej, kt\u00f3ra jak nikt inny wie, co to troska o w\u0142asne dziecko, i nigdy nie opu\u015bci nikogo kto prosi J\u0105 o pomoc w or\u0119dowaniu do Bo\u017cej Opatrzno\u015bci. Ile\u017c uwagi po\u015bwi\u0119camy zwyk\u0142ym codziennym czynno\u015bciom, a na wezwanie [&hellip;]<\/p>\n","protected":false},"author":2,"featured_media":0,"parent":0,"menu_order":0,"comment_status":"closed","ping_status":"closed","template":"","meta":[],"_links":{"self":[{"href":"http:\/\/www.swjanzakrzow.archidiecezja.wroc.pl\/index.php?rest_route=\/wp\/v2\/pages\/229"}],"collection":[{"href":"http:\/\/www.swjanzakrzow.archidiecezja.wroc.pl\/index.php?rest_route=\/wp\/v2\/pages"}],"about":[{"href":"http:\/\/www.swjanzakrzow.archidiecezja.wroc.pl\/index.php?rest_route=\/wp\/v2\/types\/page"}],"author":[{"embeddable":true,"href":"http:\/\/www.swjanzakrzow.archidiecezja.wroc.pl\/index.php?rest_route=\/wp\/v2\/users\/2"}],"replies":[{"embeddable":true,"href":"http:\/\/www.swjanzakrzow.archidiecezja.wroc.pl\/index.php?rest_route=%2Fwp%2Fv2%2Fcomments&post=229"}],"version-history":[{"count":3,"href":"http:\/\/www.swjanzakrzow.archidiecezja.wroc.pl\/index.php?rest_route=\/wp\/v2\/pages\/229\/revisions"}],"predecessor-version":[{"id":238,"href":"http:\/\/www.swjanzakrzow.archidiecezja.wroc.pl\/index.php?rest_route=\/wp\/v2\/pages\/229\/revisions\/238"}],"wp:attachment":[{"href":"http:\/\/www.swjanzakrzow.archidiecezja.wroc.pl\/index.php?rest_route=%2Fwp%2Fv2%2Fmedia&parent=229"}],"curies":[{"name":"wp","href":"https:\/\/api.w.org\/{rel}","templated":true}]}}