{"id":26,"date":"2020-12-11T16:39:40","date_gmt":"2020-12-11T15:39:40","guid":{"rendered":"http:\/\/www.swjanzakrzow.archidiecezja.wroc.pl\/?page_id=26"},"modified":"2020-12-11T23:04:09","modified_gmt":"2020-12-11T22:04:09","slug":"historia","status":"publish","type":"page","link":"http:\/\/www.swjanzakrzow.archidiecezja.wroc.pl\/?page_id=26","title":{"rendered":"HISTORIA"},"content":{"rendered":"<p style=\"text-align: justify;\">Parafia erygowana w 1987 r.<\/p>\n<p style=\"text-align: justify;\">Parafia obejmuje ulice:<\/p>\n<p style=\"text-align: justify;\">Archeolog\u00f3w, Belgradzka, Bora-Komorowskiego, Bratys\u0142awska, Brzuchowicka, Charkowska, Chmielna, Chocimska, Dubrownicka, Etnograf\u00f3w, Hetma\u0144ska, Irkucka, Jagiello\u0144ska, Kasztela\u0144ska, Kopa\u0144skiego, Kr\u00f3lewska, Kr\u00f3lowej Marysie\u0144ki, Ksi\u0119\u017cycowa, Lubla\u0144ska, Lyo\u0144ska, \u0141ucznik\u00f3w, Marynarska, Masztowa, Heleny Motyk\u00f3wny, Niepodleg\u0142o\u015bci, Odeska, Odolanowska, Odrodzenia Polski, Okr\u0119towa, Okulickiego, Oleska, Orna, Paryska, Pedagogiczna, Ryska, Sarajewska, Sewastopolska, Danuty Siedzik\u00f3wny, Skarbu Zakrzowskiego, Skopijska, Staropolska, Stoczniowa, Talli\u0144ska, Wallenroda, Wiede\u0144ska, Wilanowska, Wilczkowska, Wo\u0142gogradzka, Zagrzebska, Zatorska<\/p>\n","protected":false},"excerpt":{"rendered":"<p>Parafia erygowana w 1987 r. Parafia obejmuje ulice: Archeolog\u00f3w, Belgradzka, Bora-Komorowskiego, Bratys\u0142awska, Brzuchowicka, Charkowska, Chmielna, Chocimska, Dubrownicka, Etnograf\u00f3w, Hetma\u0144ska, Irkucka, Jagiello\u0144ska, Kasztela\u0144ska, Kopa\u0144skiego, Kr\u00f3lewska, Kr\u00f3lowej Marysie\u0144ki, Ksi\u0119\u017cycowa, Lubla\u0144ska, Lyo\u0144ska, \u0141ucznik\u00f3w, Marynarska, Masztowa, Heleny Motyk\u00f3wny, Niepodleg\u0142o\u015bci, Odeska, Odolanowska, Odrodzenia Polski, Okr\u0119towa, Okulickiego, Oleska, Orna, Paryska, Pedagogiczna, Ryska, Sarajewska, Sewastopolska, Danuty Siedzik\u00f3wny, Skarbu Zakrzowskiego, Skopijska, Staropolska, Stoczniowa, [&hellip;]<\/p>\n","protected":false},"author":1,"featured_media":0,"parent":0,"menu_order":0,"comment_status":"closed","ping_status":"closed","template":"","meta":[],"_links":{"self":[{"href":"http:\/\/www.swjanzakrzow.archidiecezja.wroc.pl\/index.php?rest_route=\/wp\/v2\/pages\/26"}],"collection":[{"href":"http:\/\/www.swjanzakrzow.archidiecezja.wroc.pl\/index.php?rest_route=\/wp\/v2\/pages"}],"about":[{"href":"http:\/\/www.swjanzakrzow.archidiecezja.wroc.pl\/index.php?rest_route=\/wp\/v2\/types\/page"}],"author":[{"embeddable":true,"href":"http:\/\/www.swjanzakrzow.archidiecezja.wroc.pl\/index.php?rest_route=\/wp\/v2\/users\/1"}],"replies":[{"embeddable":true,"href":"http:\/\/www.swjanzakrzow.archidiecezja.wroc.pl\/index.php?rest_route=%2Fwp%2Fv2%2Fcomments&post=26"}],"version-history":[{"count":3,"href":"http:\/\/www.swjanzakrzow.archidiecezja.wroc.pl\/index.php?rest_route=\/wp\/v2\/pages\/26\/revisions"}],"predecessor-version":[{"id":160,"href":"http:\/\/www.swjanzakrzow.archidiecezja.wroc.pl\/index.php?rest_route=\/wp\/v2\/pages\/26\/revisions\/160"}],"wp:attachment":[{"href":"http:\/\/www.swjanzakrzow.archidiecezja.wroc.pl\/index.php?rest_route=%2Fwp%2Fv2%2Fmedia&parent=26"}],"curies":[{"name":"wp","href":"https:\/\/api.w.org\/{rel}","templated":true}]}}