{"id":3228,"date":"2026-01-03T10:41:47","date_gmt":"2026-01-03T09:41:47","guid":{"rendered":"http:\/\/www.swjanzakrzow.archidiecezja.wroc.pl\/?page_id=3228"},"modified":"2026-04-13T18:58:51","modified_gmt":"2026-04-13T16:58:51","slug":"wizyta-duszpasterska-2026","status":"publish","type":"page","link":"http:\/\/www.swjanzakrzow.archidiecezja.wroc.pl\/?page_id=3228","title":{"rendered":"Pielgrzymka do W\u0142och"},"content":{"rendered":"\n<p><strong>Informujemy, \u017ce nie ma ju\u017c wolnych miejsc!<\/strong><\/p>\n\n\n\n<p>W pa\u017adzierniku organizujemy parafialn\u0105 pielgrzymk\u0119 do W\u0142och \u2013 m.in. do Rzymu, Neapolu, Pompei, Asy\u017cu i Casci. Zapisy do 10 kwietnia. Wi\u0119cej szczeg\u00f3\u0142\u00f3w oraz program dost\u0119pny w gablocie, zakrystii, na stronie internetowej, a tak\u017ce u ks. Paw\u0142a.\u00a0<\/p>\n\n\n\n<figure class=\"wp-block-image size-large\"><img decoding=\"async\" loading=\"lazy\" width=\"733\" height=\"1024\" src=\"http:\/\/www.swjanzakrzow.archidiecezja.wroc.pl\/wp-content\/uploads\/2026\/03\/ef6f383d-d2c5-40aa-ae36-81214d84270d-733x1024.jpg\" alt=\"\" class=\"wp-image-3333\" srcset=\"http:\/\/www.swjanzakrzow.archidiecezja.wroc.pl\/wp-content\/uploads\/2026\/03\/ef6f383d-d2c5-40aa-ae36-81214d84270d-733x1024.jpg 733w, http:\/\/www.swjanzakrzow.archidiecezja.wroc.pl\/wp-content\/uploads\/2026\/03\/ef6f383d-d2c5-40aa-ae36-81214d84270d-215x300.jpg 215w, http:\/\/www.swjanzakrzow.archidiecezja.wroc.pl\/wp-content\/uploads\/2026\/03\/ef6f383d-d2c5-40aa-ae36-81214d84270d-768x1072.jpg 768w, http:\/\/www.swjanzakrzow.archidiecezja.wroc.pl\/wp-content\/uploads\/2026\/03\/ef6f383d-d2c5-40aa-ae36-81214d84270d-1100x1536.jpg 1100w, http:\/\/www.swjanzakrzow.archidiecezja.wroc.pl\/wp-content\/uploads\/2026\/03\/ef6f383d-d2c5-40aa-ae36-81214d84270d-676x944.jpg 676w, http:\/\/www.swjanzakrzow.archidiecezja.wroc.pl\/wp-content\/uploads\/2026\/03\/ef6f383d-d2c5-40aa-ae36-81214d84270d.jpg 1199w\" sizes=\"(max-width: 733px) 100vw, 733px\" \/><\/figure>\n\n\n\n<figure class=\"wp-block-image size-large\"><img decoding=\"async\" loading=\"lazy\" width=\"725\" height=\"1024\" src=\"http:\/\/www.swjanzakrzow.archidiecezja.wroc.pl\/wp-content\/uploads\/2026\/03\/8005d6b5-0905-4de8-b223-dcef6e279ad2-1-725x1024.jpg\" alt=\"\" class=\"wp-image-3335\" srcset=\"http:\/\/www.swjanzakrzow.archidiecezja.wroc.pl\/wp-content\/uploads\/2026\/03\/8005d6b5-0905-4de8-b223-dcef6e279ad2-1-725x1024.jpg 725w, http:\/\/www.swjanzakrzow.archidiecezja.wroc.pl\/wp-content\/uploads\/2026\/03\/8005d6b5-0905-4de8-b223-dcef6e279ad2-1-212x300.jpg 212w, http:\/\/www.swjanzakrzow.archidiecezja.wroc.pl\/wp-content\/uploads\/2026\/03\/8005d6b5-0905-4de8-b223-dcef6e279ad2-1-768x1085.jpg 768w, http:\/\/www.swjanzakrzow.archidiecezja.wroc.pl\/wp-content\/uploads\/2026\/03\/8005d6b5-0905-4de8-b223-dcef6e279ad2-1-1087x1536.jpg 1087w, http:\/\/www.swjanzakrzow.archidiecezja.wroc.pl\/wp-content\/uploads\/2026\/03\/8005d6b5-0905-4de8-b223-dcef6e279ad2-1-676x955.jpg 676w, http:\/\/www.swjanzakrzow.archidiecezja.wroc.pl\/wp-content\/uploads\/2026\/03\/8005d6b5-0905-4de8-b223-dcef6e279ad2-1.jpg 1199w\" sizes=\"(max-width: 725px) 100vw, 725px\" \/><\/figure>\n","protected":false},"excerpt":{"rendered":"<p>Informujemy, \u017ce nie ma ju\u017c wolnych miejsc! W pa\u017adzierniku organizujemy parafialn\u0105 pielgrzymk\u0119 do W\u0142och \u2013 m.in. do Rzymu, Neapolu, Pompei, Asy\u017cu i Casci. Zapisy do 10 kwietnia. Wi\u0119cej szczeg\u00f3\u0142\u00f3w oraz program dost\u0119pny w gablocie, zakrystii, na stronie internetowej, a tak\u017ce u ks. Paw\u0142a.\u00a0<\/p>\n","protected":false},"author":2,"featured_media":0,"parent":0,"menu_order":0,"comment_status":"closed","ping_status":"closed","template":"","meta":[],"_links":{"self":[{"href":"http:\/\/www.swjanzakrzow.archidiecezja.wroc.pl\/index.php?rest_route=\/wp\/v2\/pages\/3228"}],"collection":[{"href":"http:\/\/www.swjanzakrzow.archidiecezja.wroc.pl\/index.php?rest_route=\/wp\/v2\/pages"}],"about":[{"href":"http:\/\/www.swjanzakrzow.archidiecezja.wroc.pl\/index.php?rest_route=\/wp\/v2\/types\/page"}],"author":[{"embeddable":true,"href":"http:\/\/www.swjanzakrzow.archidiecezja.wroc.pl\/index.php?rest_route=\/wp\/v2\/users\/2"}],"replies":[{"embeddable":true,"href":"http:\/\/www.swjanzakrzow.archidiecezja.wroc.pl\/index.php?rest_route=%2Fwp%2Fv2%2Fcomments&post=3228"}],"version-history":[{"count":6,"href":"http:\/\/www.swjanzakrzow.archidiecezja.wroc.pl\/index.php?rest_route=\/wp\/v2\/pages\/3228\/revisions"}],"predecessor-version":[{"id":3343,"href":"http:\/\/www.swjanzakrzow.archidiecezja.wroc.pl\/index.php?rest_route=\/wp\/v2\/pages\/3228\/revisions\/3343"}],"wp:attachment":[{"href":"http:\/\/www.swjanzakrzow.archidiecezja.wroc.pl\/index.php?rest_route=%2Fwp%2Fv2%2Fmedia&parent=3228"}],"curies":[{"name":"wp","href":"https:\/\/api.w.org\/{rel}","templated":true}]}}