{"id":51,"date":"2020-12-11T16:50:05","date_gmt":"2020-12-11T15:50:05","guid":{"rendered":"http:\/\/www.swjanzakrzow.archidiecezja.wroc.pl\/?page_id=51"},"modified":"2025-06-21T09:15:36","modified_gmt":"2025-06-21T07:15:36","slug":"bierzmowanie","status":"publish","type":"page","link":"http:\/\/www.swjanzakrzow.archidiecezja.wroc.pl\/?page_id=51","title":{"rendered":"BIERZMOWANIE"},"content":{"rendered":"<p style=\"text-align: justify;\"><img decoding=\"async\" loading=\"lazy\" class=\"size-medium wp-image-157 alignleft\" src=\"http:\/\/www.swjanzakrzow.archidiecezja.wroc.pl\/wp-content\/uploads\/2020\/12\/51f1d01f1ac0ba55e6b385e09560306d-207x300.jpg\" alt=\"\" width=\"207\" height=\"300\" srcset=\"http:\/\/www.swjanzakrzow.archidiecezja.wroc.pl\/wp-content\/uploads\/2020\/12\/51f1d01f1ac0ba55e6b385e09560306d-207x300.jpg 207w, http:\/\/www.swjanzakrzow.archidiecezja.wroc.pl\/wp-content\/uploads\/2020\/12\/51f1d01f1ac0ba55e6b385e09560306d.jpg 221w\" sizes=\"(max-width: 207px) 100vw, 207px\" \/>\u201eBierzmowanie (\u0142ac.\u00a0<i>confirmatio &#8211; umocnienie<\/i>) &#8211; sakrament inicjacji chrze\u015bcija\u0144skiej, \u015bci\u015ble zwi\u0105zany z chrztem; stanowi rozwini\u0119cie i usytuowanie nadprzyrodzonej egzystencji chrze\u015bcijanina w mocy Ducha \u015awi\u0119tego, przez co uzdalnia go do \u015bwiadomego udzia\u0142u\u00a0<i><b>w\u00a0budowaniu wsp\u00f3lnoty Ko\u015bcio\u0142a<\/b><\/i>\u2026 Ko\u015bci\u00f3\u0142 jako wsp\u00f3lnota potrzebuje koniecznie sakramentu bierzmowania, poniewa\u017c dojrza\u0142e spe\u0142nienie jego zbawczej misji mo\u017cliwe jest tylko na drodze osi\u0105gania\u00a0<i><b>dojrza\u0142o\u015bci eklezjalnej<\/b><\/i> przez jego cz\u0142onk\u00f3w\u201d .<\/p>\n<p style=\"text-align: justify;\">Oznacza to, \u017ce bierzmowanie jest\u00a0<i><b>znakiem i sakramentalnym urzeczywistnieniem dojrza\u0142o\u015bci chrze\u015bcija\u0144skiej.<\/b><\/i><\/p>\n<p style=\"text-align: justify;\">Bierzmowanie przynosi\u00a0 wzrost i pog\u0142\u0119bienie \u0142aski chrzcielnej:<\/p>\n<ul style=\"text-align: justify;\">\n<li>zakorzenia nas g\u0142\u0119biej w Bo\u017cym synostwie;<\/li>\n<li>\u015bci\u015blej jednoczy nas z Chrystusem;<\/li>\n<li>pomna\u017ca w nas dary Ducha \u015awi\u0119tego;<\/li>\n<li>udoskonala nasz\u0105 wi\u0119\u017a z Ko\u015bcio\u0142em;<\/li>\n<li>udziela nam, jako prawdziwym \u015bwiadkom Chrystusa, specjalnej mocy Ducha \u015awi\u0119tego do szerzenia i obrony wiary s\u0142owem i czynem, do m\u0119\u017cnego wyznawania imienia Chrystusa oraz do tego, by nigdy nie wstydzi\u0107 si\u0119 krzy\u017ca.<\/li>\n<\/ul>\n<p style=\"text-align: justify;\">Pragniemy, aby Duch \u015awi\u0119ty, kt\u00f3rego otrzymamy, umocni\u0142 nas do m\u0119\u017cnego wyznawania wiary i do post\u0119powania wed\u0142ug jej zasad. (Obrz\u0119dy bierzmowania)<\/p>\n<p style=\"text-align: justify;\">Bierzmowanie jest nazywane sakramentem dojrza\u0142o\u015bci chrze\u015bcija\u0144skiej. Przyj\u0119cie go jest \u015bwiadomym potwierdzeniem wiary otrzymanej na chrzcie i wymaga gotowo\u015bci, by w spos\u00f3b dojrza\u0142y i odpowiedzialny wyznawa\u0107 swoj\u0105 wiar\u0119 i broni\u0107 jej.<\/p>\n<p>ZDJ\u0118CIA Z MSZY \u015aW. 2025 -&gt; <a href=\"https:\/\/photos.google.com\/share\/AF1QipOEYTIFK-XQ9g5LV1aNLjMVr8s31np10RUDJAVmfP7Wnp2EZSiAw28Thb8IbookIg?key=eHgyd2dmX2wtQ3FpVm1hVlBNMURzVHhkWjRSRFp3\">TUTAJ<\/a><\/p>\n","protected":false},"excerpt":{"rendered":"<p>\u201eBierzmowanie (\u0142ac.\u00a0confirmatio &#8211; umocnienie) &#8211; sakrament inicjacji chrze\u015bcija\u0144skiej, \u015bci\u015ble zwi\u0105zany z chrztem; stanowi rozwini\u0119cie i usytuowanie nadprzyrodzonej egzystencji chrze\u015bcijanina w mocy Ducha \u015awi\u0119tego, przez co uzdalnia go do \u015bwiadomego udzia\u0142u\u00a0w\u00a0budowaniu wsp\u00f3lnoty Ko\u015bcio\u0142a\u2026 Ko\u015bci\u00f3\u0142 jako wsp\u00f3lnota potrzebuje koniecznie sakramentu bierzmowania, poniewa\u017c dojrza\u0142e spe\u0142nienie jego zbawczej misji mo\u017cliwe jest tylko na drodze osi\u0105gania\u00a0dojrza\u0142o\u015bci eklezjalnej przez jego cz\u0142onk\u00f3w\u201d [&hellip;]<\/p>\n","protected":false},"author":1,"featured_media":0,"parent":0,"menu_order":0,"comment_status":"closed","ping_status":"closed","template":"","meta":[],"_links":{"self":[{"href":"http:\/\/www.swjanzakrzow.archidiecezja.wroc.pl\/index.php?rest_route=\/wp\/v2\/pages\/51"}],"collection":[{"href":"http:\/\/www.swjanzakrzow.archidiecezja.wroc.pl\/index.php?rest_route=\/wp\/v2\/pages"}],"about":[{"href":"http:\/\/www.swjanzakrzow.archidiecezja.wroc.pl\/index.php?rest_route=\/wp\/v2\/types\/page"}],"author":[{"embeddable":true,"href":"http:\/\/www.swjanzakrzow.archidiecezja.wroc.pl\/index.php?rest_route=\/wp\/v2\/users\/1"}],"replies":[{"embeddable":true,"href":"http:\/\/www.swjanzakrzow.archidiecezja.wroc.pl\/index.php?rest_route=%2Fwp%2Fv2%2Fcomments&post=51"}],"version-history":[{"count":11,"href":"http:\/\/www.swjanzakrzow.archidiecezja.wroc.pl\/index.php?rest_route=\/wp\/v2\/pages\/51\/revisions"}],"predecessor-version":[{"id":2905,"href":"http:\/\/www.swjanzakrzow.archidiecezja.wroc.pl\/index.php?rest_route=\/wp\/v2\/pages\/51\/revisions\/2905"}],"wp:attachment":[{"href":"http:\/\/www.swjanzakrzow.archidiecezja.wroc.pl\/index.php?rest_route=%2Fwp%2Fv2%2Fmedia&parent=51"}],"curies":[{"name":"wp","href":"https:\/\/api.w.org\/{rel}","templated":true}]}}