{"id":73,"date":"2020-12-11T16:56:31","date_gmt":"2020-12-11T15:56:31","guid":{"rendered":"http:\/\/www.swjanzakrzow.archidiecezja.wroc.pl\/?page_id=73"},"modified":"2020-12-11T22:24:31","modified_gmt":"2020-12-11T21:24:31","slug":"eucharystia","status":"publish","type":"page","link":"http:\/\/www.swjanzakrzow.archidiecezja.wroc.pl\/?page_id=73","title":{"rendered":"EUCHARYSTIA"},"content":{"rendered":"<p style=\"text-align: justify;\"><img decoding=\"async\" loading=\"lazy\" class=\"size-full wp-image-140 alignleft\" src=\"http:\/\/www.swjanzakrzow.archidiecezja.wroc.pl\/wp-content\/uploads\/2020\/12\/Eucharystia.-200x300-1.jpg\" alt=\"\" width=\"200\" height=\"300\" \/>Pan Jezus tej nocy, kt\u00f3rej zosta\u0142 wydany, wzi\u0105\u0142 chleb i dzi\u0119ki uczyniwszy, po\u0142ama\u0142 i rzek\u0142: \u00abTo jest Cia\u0142o moje za was wydane. Czy\u0144cie to na moj\u0105 pami\u0105tk\u0119!\u00bb Podobnie, sko\u0144czywszy wieczerz\u0119, wzi\u0105\u0142 kielich, m\u00f3wi\u0105c: \u00abKielich ten jest Nowym Przymierzem we Krwi mojej. Czy\u0144cie to, ile razy pi\u0107 b\u0119dziecie, na moj\u0105 pami\u0105tk\u0119!\u00bb (1Kor 11, 23 \u2013 25)<\/p>\n<p style=\"text-align: justify;\">Uczta, w czasie kt\u00f3rej uczniowie Chrystusa powtarzali Jego s\u0142owa i spo\u017cywali chleb i wino przemienione w Jego Cia\u0142o i Krew, pocz\u0105tkowo nazywana by\u0142a \u0141amaniem Chleba. Stopniowo zosta\u0142a ona po\u0142\u0105czona z lektur\u0105 S\u0142owa Bo\u017cego i modlitwami, tworz\u0105c ryt Mszy \u015bwi\u0119tej. Jej podstawowa struktura zosta\u0142a niezmieniona od pocz\u0105tku do dnia dzisiejszego. Eucharystia nie jest tylko przypomnieniem Ostatniej Wieczerzy. Wierzymy, \u017ce Duch \u015awi\u0119ty rzeczywi\u015bcie przemienia chleb i wino w Cia\u0142o i Krew Chrystusa, cho\u0107 nie zmienia si\u0119 ich zewn\u0119trzna posta\u0107. Cia\u0142o i Krew s\u0105 ofiarowywane Bogu Ojcu; jest to uobecnienie ofiary z\u0142o\u017conej przez Jezusa na krzy\u017cu. Msza \u015bwi\u0119ta jest wi\u0119c uczestnictwem w \u015bmierci Chrystusa, a tak\u017ce w Jego zmartwychwstaniu. Nawet wtedy, gdy Eucharystia jest celebrowana na ma\u0142ym o\u0142tarzu wiejskiego ko\u015bcio\u0142a, jest ona wci\u0105\u017c poniek\u0105d sprawowana na o\u0142tarzu \u015bwiata. Jednoczy niebo z ziemi\u0105. Zawiera w sobie i przenika ca\u0142e stworzenie. Syn Bo\u017cy sta\u0142 si\u0119 cz\u0142owiekiem, aby w najwy\u017cszym akcie uwielbienia przywr\u00f3ci\u0107 ca\u0142e stworzenie Temu, kt\u00f3ry je uczyni\u0142 z niczego. (\u2026) Czyni to przez pos\u0142ug\u0119 kap\u0142a\u0144sk\u0105 Ko\u015bcio\u0142a, na chwa\u0142\u0119 Naj\u015bwi\u0119tszej Tr\u00f3jcy. Doprawdy jest to mysterium fidei, dokonuj\u0105ce si\u0119 w Eucharystii: \u015bwiat, kt\u00f3ry wyszed\u0142 z r\u0105k Boga Stw\u00f3rcy, wraca do Niego odkupiony przez Chrystusa. (Jan Pawe\u0142 II, Ecclesia de Eucharistia, 8)<\/p>\n","protected":false},"excerpt":{"rendered":"<p>Pan Jezus tej nocy, kt\u00f3rej zosta\u0142 wydany, wzi\u0105\u0142 chleb i dzi\u0119ki uczyniwszy, po\u0142ama\u0142 i rzek\u0142: \u00abTo jest Cia\u0142o moje za was wydane. Czy\u0144cie to na moj\u0105 pami\u0105tk\u0119!\u00bb Podobnie, sko\u0144czywszy wieczerz\u0119, wzi\u0105\u0142 kielich, m\u00f3wi\u0105c: \u00abKielich ten jest Nowym Przymierzem we Krwi mojej. Czy\u0144cie to, ile razy pi\u0107 b\u0119dziecie, na moj\u0105 pami\u0105tk\u0119!\u00bb (1Kor 11, 23 \u2013 25) [&hellip;]<\/p>\n","protected":false},"author":2,"featured_media":0,"parent":0,"menu_order":0,"comment_status":"closed","ping_status":"closed","template":"","meta":[],"_links":{"self":[{"href":"http:\/\/www.swjanzakrzow.archidiecezja.wroc.pl\/index.php?rest_route=\/wp\/v2\/pages\/73"}],"collection":[{"href":"http:\/\/www.swjanzakrzow.archidiecezja.wroc.pl\/index.php?rest_route=\/wp\/v2\/pages"}],"about":[{"href":"http:\/\/www.swjanzakrzow.archidiecezja.wroc.pl\/index.php?rest_route=\/wp\/v2\/types\/page"}],"author":[{"embeddable":true,"href":"http:\/\/www.swjanzakrzow.archidiecezja.wroc.pl\/index.php?rest_route=\/wp\/v2\/users\/2"}],"replies":[{"embeddable":true,"href":"http:\/\/www.swjanzakrzow.archidiecezja.wroc.pl\/index.php?rest_route=%2Fwp%2Fv2%2Fcomments&post=73"}],"version-history":[{"count":3,"href":"http:\/\/www.swjanzakrzow.archidiecezja.wroc.pl\/index.php?rest_route=\/wp\/v2\/pages\/73\/revisions"}],"predecessor-version":[{"id":141,"href":"http:\/\/www.swjanzakrzow.archidiecezja.wroc.pl\/index.php?rest_route=\/wp\/v2\/pages\/73\/revisions\/141"}],"wp:attachment":[{"href":"http:\/\/www.swjanzakrzow.archidiecezja.wroc.pl\/index.php?rest_route=%2Fwp%2Fv2%2Fmedia&parent=73"}],"curies":[{"name":"wp","href":"https:\/\/api.w.org\/{rel}","templated":true}]}}