{"id":83,"date":"2020-12-11T17:00:40","date_gmt":"2020-12-11T16:00:40","guid":{"rendered":"http:\/\/www.swjanzakrzow.archidiecezja.wroc.pl\/?page_id=83"},"modified":"2026-04-30T23:10:26","modified_gmt":"2026-04-30T21:10:26","slug":"ogloszenia-duszpasterskie","status":"publish","type":"page","link":"http:\/\/www.swjanzakrzow.archidiecezja.wroc.pl\/?page_id=83","title":{"rendered":"OG\u0141OSZENIA"},"content":{"rendered":"\n<p><strong>\u00a0\u00a0\u00a0<\/strong><\/p>\n\n\n\n<p>OG\u0141OSZENIA DUSZPASTERSKIE NA V NIEDZIEL\u0118 WIELKANOCN\u0104<\/p>\n\n\n\n<p>3.05.2026 r.<\/p>\n\n\n\n<ol>\n<li>Dzi\u015b pi\u0105ta niedziela Wielkanocy. Po raz kolejny gromadzimy si\u0119 na \u015awi\u0119tej<br>Wieczerzy, aby pokrzepia\u0107 si\u0119 s\u0142owem Bo\u017cym i Chlebem eucharystycznym.<br>Umocnieni darami Bo\u017cymi, b\u0119dziemy wkracza\u0107 w nowe wyzwania kolejnego<br>tygodnia i dawa\u0107 \u015bwiadectwo wiary w&nbsp;Zmartwychwsta\u0142ego Pana.<\/li>\n\n\n\n<li>Okres od zmartwychwstania do wniebowst\u0105pienia Pan Jezus po\u015bwi\u0119ci\u0142 tym,<br>kt\u00f3rych najbardziej umi\u0142owa\u0142. Spr\u00f3bujmy wej\u015b\u0107 do tego grona, poczujmy si\u0119<br>zaproszeni do bliskiego przebywania ze Zmartwychwsta\u0142ym, kt\u00f3re najlepiej<br>realizuje si\u0119 przez nasz pe\u0142ny udzia\u0142 w Eucharystii.<\/li>\n\n\n\n<li>W \u015brod\u0119, 6 maja, obchodzimy \u015bwi\u0119to \u015awi\u0119tych Aposto\u0142\u00f3w Filipa i Jakuba, kt\u00f3rzy<br>czerpi\u0105c moc z Chrystusa, udowodnili, \u017ce nawet s\u0142aby cz\u0142owiek jest w stanie<br>po\u015bwi\u0119ci\u0107 si\u0119 g\u0142oszeniu Ewangelii. Ich wstawiennictwu podczas \u015bwi\u0105tecznej Mszy<br>\u015awi\u0119tej b\u0119dziemy poleca\u0107 powo\u0142anych do pracy w Ko\u015bciele..<\/li>\n\n\n\n<li>W pi\u0105tek, 8 maja, przypada uroczysto\u015b\u0107 \u015awi\u0119tego Stanis\u0142awa, biskupa<br>i m\u0119czennika, g\u0142\u00f3wnego patrona Polski. B\u0119dziemy prosi\u0107 \u015awi\u0119tego Stanis\u0142awa<br>o wstawiennictwo, aby powo\u0142ania kap\u0142a\u0144skie, budz\u0105ce si\u0119 na polskiej ziemi, by\u0142y<br>naprawd\u0119 godne i \u015bwi\u0119te. Tego dnia b\u0119dziemy r\u00f3wnie\u017c prosi\u0107 Boga o pok\u00f3j<br>w naszej Ojczy\u017anie, u naszych s\u0105siad\u00f3w i na ca\u0142ym \u015bwiecie, poniewa\u017c tego dnia<br>przypada 81. rocznica zako\u0144czenia II wojny \u015bwiatowej. Pro\u015bmy Opatrzno\u015b\u0107 Bo\u017c\u0105,<br>aby kolejne pokolenia Polak\u00f3w \u017cy\u0142y w pokoju.<br>Z racji przypadaj\u0105cej uroczysto\u015bci w tym dniu nie obowi\u0105zuje wstrzemi\u0119\u017aliwo\u015b\u0107<br>od pokarm\u00f3w mi\u0119snych.<\/li>\n\n\n\n<li>Dok\u0142adnie w pi\u0105tek przypada te\u017c 1. rocznica wyboru papie\u017ca Leona XIV.<br>W\u0142a\u015bnie 8 maja 2025 roku pochodz\u0105cy ze Stan\u00f3w Zjednoczonych kardyna\u0142 Robert<br>Prevost zosta\u0142 wybrany na kolejnego papie\u017ca Ko\u015bcio\u0142a katolickiego. M\u00f3dlmy si\u0119 za<br>Piotra naszych czas\u00f3w, papie\u017ca Leona XIV, aby prowadzony \u015bwiat\u0142em Ducha<br>\u015awi\u0119tego, umacnia\u0142 Ko\u015bci\u00f3\u0142 Chrystusowy i skutecznie zabiega\u0142 o pok\u00f3j na \u015bwiecie.<\/li>\n\n\n\n<li>Razem z Maryj\u0105 trwamy we wsp\u00f3lnej modlitwie; zapraszamy do udzia\u0142u<br>w&nbsp;nabo\u017ce\u0144stwach majowych, kt\u00f3re odprawiamy ka\u017cdego dnia o godz. 18.00, przed<br>wieczorn\u0105 Eucharysti\u0105.<br>Bierzmy udzia\u0142 w tym modlitewnym uwielbieniu Matki Zbawiciela i naszej.<br>W tak wielu sprawach osobistych, rodzinnych i narodowych, szczeg\u00f3lnie w tym<br>trudnym czasie, jaki prze\u017cywamy, mo\u017cemy i powinni\u015bmy prosi\u0107 o Jej<br>wstawiennictwo.<\/li>\n\n\n\n<li>W najbli\u017csz\u0105 sobot\u0119, 9 maja, uroczysto\u015b\u0107 Pierwszej Komunii \u015awi\u0119tej. Dzieci<br>z klas trzecich po raz pierwszy w pe\u0142ni b\u0119d\u0105 uczestniczy\u0107 w Eucharystii.<br>O godz. 10.00 &#8211; I grupa i o godz. 12.00 \u2013 II grupa dzieci.<br>Spowied\u017a dla dzieci pierwszokomunijnych w pi\u0105tek \u2013 8 maja<\/li>\n<\/ol>\n\n\n\n<ul>\n<li>godz. 15:30 \u2013 pierwsza grupa<\/li>\n\n\n\n<li>godz. 16:30 \u2013 druga grupa<\/li>\n<\/ul>\n\n\n\n<ol>\n<li>Za dwa tygodnie, w niedziel\u0119 \u2013 17 maja, na Mszy \u015bw. o godz. 10.30 \u2013 dzieci,<br>kt\u00f3re w ubieg\u0142ym roku przyst\u0119powa\u0142y po raz pierwszy do Sto\u0142u Pa\u0144skiego<br>prze\u017cywaj\u0105 rocznic\u0119 swojej Pierwszej Komunii \u015awi\u0119tej.<\/li>\n\n\n\n<li>Zach\u0119camy do nabywania i lektury prasy religijnej.<\/li>\n\n\n\n<li>W przysz\u0142\u0105 niedziel\u0119 o godz.16.00 \u2013 w ramach Wieczor\u00f3w Zakrzowskich \u2013<\/li>\n<\/ol>\n\n\n\n<p>KONCERT ORGANOWY.<\/p>\n\n\n\n<p>WYKONAWCY<\/p>\n\n\n\n<p>Ma\u0142gorzata Klorek \u2013 organy<br>Piotr Piechocki \u2013 klarnet<\/p>\n\n\n\n<p>Program<\/p>\n\n\n\n<p>Jacques N. .Lemmens Fanfare<br>(1823-1881) \/organy\/<br>Georg Friedrich Haendel \u2013 Largo<br>(1685-1759) klarnet = organy<br>Johann Sebastian Bach Symfonia z Kantaty BWV 29<br>(1685-1750) &#8211; organy<br>Johann Sebastian Bach &#8211; Arioso &#8211; Cantas BWV 156 (Adagio)<br>(1685-1750) klarnet-organy<br>Cesar Franck &#8211; Offertorium H-dur<br>(1822-1890) &#8211; organy<br>Tomaso Albinoni &#8211; Adagio g-moll<br>(1671-1751) klarnet &#8211; organy<br>Marcel Dupre &#8211; Cortege et Litanie<br>(1886-1971) Ma\u0142gorzata Klorek &#8211; organy<\/p>\n\n\n\n<p><\/p>\n","protected":false},"excerpt":{"rendered":"<p>\u00a0\u00a0\u00a0 OG\u0141OSZENIA DUSZPASTERSKIE NA V NIEDZIEL\u0118 WIELKANOCN\u0104 3.05.2026 r. KONCERT ORGANOWY. WYKONAWCY Ma\u0142gorzata Klorek \u2013 organyPiotr Piechocki \u2013 klarnet Program Jacques N. .Lemmens Fanfare(1823-1881) \/organy\/Georg Friedrich Haendel \u2013 Largo(1685-1759) klarnet = organyJohann Sebastian Bach Symfonia z Kantaty BWV 29(1685-1750) &#8211; organyJohann Sebastian Bach &#8211; Arioso &#8211; Cantas BWV 156 (Adagio)(1685-1750) klarnet-organyCesar Franck &#8211; Offertorium H-dur(1822-1890) [&hellip;]<\/p>\n","protected":false},"author":2,"featured_media":0,"parent":0,"menu_order":0,"comment_status":"closed","ping_status":"closed","template":"","meta":[],"_links":{"self":[{"href":"http:\/\/www.swjanzakrzow.archidiecezja.wroc.pl\/index.php?rest_route=\/wp\/v2\/pages\/83"}],"collection":[{"href":"http:\/\/www.swjanzakrzow.archidiecezja.wroc.pl\/index.php?rest_route=\/wp\/v2\/pages"}],"about":[{"href":"http:\/\/www.swjanzakrzow.archidiecezja.wroc.pl\/index.php?rest_route=\/wp\/v2\/types\/page"}],"author":[{"embeddable":true,"href":"http:\/\/www.swjanzakrzow.archidiecezja.wroc.pl\/index.php?rest_route=\/wp\/v2\/users\/2"}],"replies":[{"embeddable":true,"href":"http:\/\/www.swjanzakrzow.archidiecezja.wroc.pl\/index.php?rest_route=%2Fwp%2Fv2%2Fcomments&post=83"}],"version-history":[{"count":281,"href":"http:\/\/www.swjanzakrzow.archidiecezja.wroc.pl\/index.php?rest_route=\/wp\/v2\/pages\/83\/revisions"}],"predecessor-version":[{"id":3359,"href":"http:\/\/www.swjanzakrzow.archidiecezja.wroc.pl\/index.php?rest_route=\/wp\/v2\/pages\/83\/revisions\/3359"}],"wp:attachment":[{"href":"http:\/\/www.swjanzakrzow.archidiecezja.wroc.pl\/index.php?rest_route=%2Fwp%2Fv2%2Fmedia&parent=83"}],"curies":[{"name":"wp","href":"https:\/\/api.w.org\/{rel}","templated":true}]}}