{"id":96,"date":"2020-12-11T17:04:07","date_gmt":"2020-12-11T16:04:07","guid":{"rendered":"http:\/\/www.swjanzakrzow.archidiecezja.wroc.pl\/?page_id=96"},"modified":"2020-12-11T23:24:14","modified_gmt":"2020-12-11T22:24:14","slug":"zywy-rozaniec","status":"publish","type":"page","link":"http:\/\/www.swjanzakrzow.archidiecezja.wroc.pl\/?page_id=96","title":{"rendered":"\u017bYWY R\u00d3\u017bANIEC"},"content":{"rendered":"<p style=\"text-align: justify;\"><img decoding=\"async\" loading=\"lazy\" class=\"size-medium wp-image-170 alignleft\" src=\"http:\/\/www.swjanzakrzow.archidiecezja.wroc.pl\/wp-content\/uploads\/2020\/12\/il_570xN.1047992986_jbo2-225x300.jpg\" alt=\"\" width=\"225\" height=\"300\" srcset=\"http:\/\/www.swjanzakrzow.archidiecezja.wroc.pl\/wp-content\/uploads\/2020\/12\/il_570xN.1047992986_jbo2-225x300.jpg 225w, http:\/\/www.swjanzakrzow.archidiecezja.wroc.pl\/wp-content\/uploads\/2020\/12\/il_570xN.1047992986_jbo2.jpg 570w\" sizes=\"(max-width: 225px) 100vw, 225px\" \/>Celem \u017bywego R\u00f3\u017ca\u0144ca jest wspieranie modlitw\u0105, ofiar\u0105 duchow\u0105 i materialn\u0105 dzia\u0142a\u0144 misyjnych Ko\u015bcio\u0142a. Jest on realizowany przede wszystkim przez codzienn\u0105 modlitw\u0119 r\u00f3\u017ca\u0144cow\u0105 w intencjach polecanych przez papie\u017ca dla Apostolstwa Modlitwy.<\/p>\n<p style=\"text-align: justify;\">Pocz\u0105tki R\u00f3\u017ca\u0144ca \u015awi\u0119tego wi\u0105\u017c\u0105 si\u0119 z za\u0142o\u017ceniem przez Paulin\u0119 Jaricot (1799-1862) w Lyonie, w roku 1826, Stowarzyszenia \u017bywego R\u00f3\u017ca\u0144ca. Paulinia Jaricot pragn\u0119\u0142a uczyni\u0107 r\u00f3\u017caniec modlitw\u0105 wszystkich. Uzna\u0142a, \u017ce ka\u017cdy cz\u0142owiek mo\u017ce znale\u017a\u0107 w ci\u0105gu dnia kilka minut, aby odm\u00f3wi\u0107 dziesi\u0105tek r\u00f3\u017ca\u0144ca, czyli jedn\u0105 tajemnic\u0119. Zacz\u0119\u0142a, zatem organizowa\u0107 pi\u0119tnastoosobowe grupy, nazwane p\u00f3\u017aniej \u201e\u017cywymi r\u00f3\u017cami\u201d. Ka\u017cda z os\u00f3b tworz\u0105cych pi\u0119tnastk\u0119 zobowi\u0105zywa\u0142a si\u0119 do odmawiania jednej tajemnicy, czyli wszyscy razem odmawiaj\u0105 codziennie ca\u0142y r\u00f3\u017caniec. Dzie\u0142u Pauliny Jaricot udzieli\u0142o poparcia wielu biskup\u00f3w. \u017bywy R\u00f3\u017caniec w kr\u00f3tkim czasie rozprzestrzeni\u0142 si\u0119 w ca\u0142ej Francji, a nast\u0119pnie na \u015bwiecie. Do Polski \u017bywy R\u00f3\u017caniec dotar\u0142 jeszcze w XIX w. Obecnie istnieje niemal w ka\u017cdej parafii.<\/p>\n<p style=\"text-align: justify;\"><img decoding=\"async\" loading=\"lazy\" class=\"size-medium wp-image-171 alignleft\" src=\"http:\/\/www.swjanzakrzow.archidiecezja.wroc.pl\/wp-content\/uploads\/2020\/12\/OIP11-300x200.jpeg\" alt=\"\" width=\"300\" height=\"200\" srcset=\"http:\/\/www.swjanzakrzow.archidiecezja.wroc.pl\/wp-content\/uploads\/2020\/12\/OIP11-300x200.jpeg 300w, http:\/\/www.swjanzakrzow.archidiecezja.wroc.pl\/wp-content\/uploads\/2020\/12\/OIP11.jpeg 474w\" sizes=\"(max-width: 300px) 100vw, 300px\" \/>Wsp\u00f3lnota \u017bywego R\u00f3\u017ca\u0144ca sk\u0142ada si\u0119 z poszczeg\u00f3lnych r\u00f3\u017c, kt\u00f3re tworzy 20 os\u00f3b \u2013 ka\u017cda z tych os\u00f3b odmawia codziennie jedn\u0105 tajemnic\u0119 r\u00f3\u017ca\u0144ca \u015bwi\u0119tego. W ten spos\u00f3b odm\u00f3wiony zostaje, przez wszystkich cz\u0142onk\u00f3w danej r\u00f3\u017cy, ca\u0142y r\u00f3\u017caniec. Raz w miesi\u0105cu, zwykle w pierwsz\u0105 sobot\u0119 miesi\u0105ca, cz\u0142onkowie \u017bywego R\u00f3\u017ca\u0144ca dokonuj\u0105 zmiany tajemnic r\u00f3\u017ca\u0144cowych.<\/p>\n<p style=\"text-align: justify;\">Na czele ka\u017cdej r\u00f3\u017cy stoi zelator lub zelatorka, kt\u00f3ry(a): czuwa nad pe\u0142nym sk\u0142adem osobowym r\u00f3\u017cy, koordynuje comiesi\u0119czn\u0105 wymian\u0119 tajemnic, utrzymuje sta\u0142\u0105 \u0142\u0105czno\u015b\u0107 mi\u0119dzy kap\u0142anem odpowiedzialnym za \u017bywy R\u00f3\u017caniec a r\u00f3\u017c\u0105 i mi\u0119dzy r\u00f3\u017cami, zbiera sk\u0142adki na: msz\u0119 \u015bwi\u0119t\u0105, dzie\u0142a charytatywne, misje i inne cele.<\/p>\n<p style=\"text-align: justify;\">Nad ca\u0142\u0105 parafialn\u0105 wsp\u00f3lnot\u0105 \u017bywego R\u00f3\u017ca\u0144ca czuwa opiekun, kt\u00f3rym zwykle jest ksi\u0105dz proboszcz lub wyznaczony przez niego kap\u0142an.<\/p>\n<p style=\"text-align: justify;\"><strong>Cz\u0142onkowie Wsp\u00f3lnoty \u017bywego R\u00f3\u017ca\u0144ca<\/strong><\/p>\n<p style=\"text-align: justify;\">Do \u017bywego R\u00f3\u017ca\u0144ca mo\u017ce nale\u017ce\u0107 ka\u017cdy ochrzczony, kt\u00f3ry tego prawa nie zosta\u0142 pozbawiony przez prawo ko\u015bcielne. Przyst\u0105pienie do Wsp\u00f3lnoty nast\u0119puje przez wyra\u017cenie swej decyzji wobec zelatora\/zelatorki lub proboszcza. Przynale\u017cno\u015b\u0107 do \u017bywego R\u00f3\u017ca\u0144ca nie wyklucza przynale\u017cno\u015bci do innych stowarzysze\u0144 i ruch\u00f3w o charakterze modlitewnym, formacyjnym czy apostolskim.<\/p>\n<p style=\"text-align: justify;\">Obowi\u0105zkiem ka\u017cdego cz\u0142onka wsp\u00f3lnoty \u017bywego R\u00f3\u017ca\u0144ca jest:<\/p>\n<ul style=\"text-align: justify;\">\n<li>codzienne rozwa\u017canie jednej wyznaczonej tajemnicy r\u00f3\u017ca\u0144ca \u015bwi\u0119tego,<\/li>\n<li>udzia\u0142 w comiesi\u0119cznym spotkaniu formacyjnym po\u0142\u0105czonym ze zmian\u0105 tajemnic,<\/li>\n<li>uczestnictwo w \u017cyciu sakramentalnym Ko\u015bcio\u0142a,<\/li>\n<li>rozszerzanie czci Naj\u015bwi\u0119tszej Maryi Panny przyk\u0142adem \u017cycia i dzia\u0142alno\u015bci\u0105 apostolsk\u0105,<\/li>\n<li>odwa\u017cne stawanie w obronie wiary,<\/li>\n<li>udzia\u0142 w pogrzebie cz\u0142onka \u017bywego R\u00f3\u017ca\u0144ca nale\u017c\u0105cego do tej samej r\u00f3\u017cy.<\/li>\n<\/ul>\n<p style=\"text-align: justify;\">Z przynale\u017cno\u015bci\u0105 do wsp\u00f3lnoty \u017bywego R\u00f3\u017ca\u0144ca zwi\u0105zany jest przywilej zyskiwania odpustu zupe\u0142nego a\u017c 8 dni w ci\u0105gu roku tj. w:<\/p>\n<ul style=\"text-align: justify;\">\n<li>\u015bwi\u0119to Ofiarowania Pa\u0144skiego (Matki Bo\u017cej Gromnicznej \u2013 2 II),<\/li>\n<li>uroczysto\u015b\u0107 Zwiastowania Naj\u015bwi\u0119tszej Maryi Panny (25 III),<\/li>\n<li>uroczysto\u015b\u0107 Zmartwychwstania Pa\u0144skiego,<\/li>\n<li>uroczysto\u015b\u0107 Wniebowzi\u0119cia Naj\u015bwi\u0119tszej Maryi Panny (15 VIII), wspomnienie Naj\u015bwi\u0119tszej Maryi Panny R\u00f3\u017ca\u0144cowej (7 X),<\/li>\n<li>uroczysto\u015b\u0107 Niepokalanego Pocz\u0119cia Maryi (8 XII),<\/li>\n<li>uroczysto\u015b\u0107 \u015bwi\u0119to Narodzenia Pa\u0144skiego (25 XII).<\/li>\n<\/ul>\n<p style=\"text-align: justify;\">Odpust ten mo\u017cna zyska\u0107 pod zwyk\u0142ymi warunkami. Ponadto ka\u017cdy z cz\u0142onk\u00f3w \u017bywego R\u00f3\u017ca\u0144ca uczestniczy w dobrach duchowych Zakonu Kaznodziejskiego oraz uczestniczy w obietnicach Naj\u015bwi\u0119tszej Maryi Panny dotycz\u0105cych tych, kt\u00f3rzy odmawiaj\u0105 r\u00f3\u017caniec. Wszystkich cz\u0142onk\u00f3w r\u00f3\u017cy dotyczy taka sama zas\u0142uga jakby odm\u00f3wili ca\u0142y r\u00f3\u017caniec.<\/p>\n<p style=\"text-align: justify;\">Nie odm\u00f3wienie tajemnicy nie oznacza grzechu, a utrat\u0119 zas\u0142ugi. Wszyscy cz\u0142onkowie \u017bywego R\u00f3\u017ca\u0144ca s\u0105 otoczeni modlitw\u0105 pozosta\u0142ych cz\u0142onk\u00f3w \u017bywego R\u00f3\u017ca\u0144ca, tak za \u017cycia, jak i po \u015bmierci.<\/p>\n","protected":false},"excerpt":{"rendered":"<p>Celem \u017bywego R\u00f3\u017ca\u0144ca jest wspieranie modlitw\u0105, ofiar\u0105 duchow\u0105 i materialn\u0105 dzia\u0142a\u0144 misyjnych Ko\u015bcio\u0142a. Jest on realizowany przede wszystkim przez codzienn\u0105 modlitw\u0119 r\u00f3\u017ca\u0144cow\u0105 w intencjach polecanych przez papie\u017ca dla Apostolstwa Modlitwy. Pocz\u0105tki R\u00f3\u017ca\u0144ca \u015awi\u0119tego wi\u0105\u017c\u0105 si\u0119 z za\u0142o\u017ceniem przez Paulin\u0119 Jaricot (1799-1862) w Lyonie, w roku 1826, Stowarzyszenia \u017bywego R\u00f3\u017ca\u0144ca. Paulinia Jaricot pragn\u0119\u0142a uczyni\u0107 r\u00f3\u017caniec modlitw\u0105 [&hellip;]<\/p>\n","protected":false},"author":2,"featured_media":0,"parent":0,"menu_order":0,"comment_status":"closed","ping_status":"closed","template":"","meta":[],"_links":{"self":[{"href":"http:\/\/www.swjanzakrzow.archidiecezja.wroc.pl\/index.php?rest_route=\/wp\/v2\/pages\/96"}],"collection":[{"href":"http:\/\/www.swjanzakrzow.archidiecezja.wroc.pl\/index.php?rest_route=\/wp\/v2\/pages"}],"about":[{"href":"http:\/\/www.swjanzakrzow.archidiecezja.wroc.pl\/index.php?rest_route=\/wp\/v2\/types\/page"}],"author":[{"embeddable":true,"href":"http:\/\/www.swjanzakrzow.archidiecezja.wroc.pl\/index.php?rest_route=\/wp\/v2\/users\/2"}],"replies":[{"embeddable":true,"href":"http:\/\/www.swjanzakrzow.archidiecezja.wroc.pl\/index.php?rest_route=%2Fwp%2Fv2%2Fcomments&post=96"}],"version-history":[{"count":3,"href":"http:\/\/www.swjanzakrzow.archidiecezja.wroc.pl\/index.php?rest_route=\/wp\/v2\/pages\/96\/revisions"}],"predecessor-version":[{"id":172,"href":"http:\/\/www.swjanzakrzow.archidiecezja.wroc.pl\/index.php?rest_route=\/wp\/v2\/pages\/96\/revisions\/172"}],"wp:attachment":[{"href":"http:\/\/www.swjanzakrzow.archidiecezja.wroc.pl\/index.php?rest_route=%2Fwp%2Fv2%2Fmedia&parent=96"}],"curies":[{"name":"wp","href":"https:\/\/api.w.org\/{rel}","templated":true}]}}