{"id":98,"date":"2020-12-11T17:04:43","date_gmt":"2020-12-11T16:04:43","guid":{"rendered":"http:\/\/www.swjanzakrzow.archidiecezja.wroc.pl\/?page_id=98"},"modified":"2020-12-13T18:10:26","modified_gmt":"2020-12-13T17:10:26","slug":"arcybractwo-strazy-honorowej-nspj","status":"publish","type":"page","link":"http:\/\/www.swjanzakrzow.archidiecezja.wroc.pl\/?page_id=98","title":{"rendered":"ARCYBRACTWO STRA\u017bY HONOROWEJ NSPJ"},"content":{"rendered":"<p style=\"text-align: justify;\"><img decoding=\"async\" loading=\"lazy\" class=\"size-medium wp-image-227 alignleft\" src=\"http:\/\/www.swjanzakrzow.archidiecezja.wroc.pl\/wp-content\/uploads\/2020\/12\/zegar-strazy-c9837ef7-227x300.jpg\" alt=\"\" width=\"227\" height=\"300\" srcset=\"http:\/\/www.swjanzakrzow.archidiecezja.wroc.pl\/wp-content\/uploads\/2020\/12\/zegar-strazy-c9837ef7-227x300.jpg 227w, http:\/\/www.swjanzakrzow.archidiecezja.wroc.pl\/wp-content\/uploads\/2020\/12\/zegar-strazy-c9837ef7-676x892.jpg 676w, http:\/\/www.swjanzakrzow.archidiecezja.wroc.pl\/wp-content\/uploads\/2020\/12\/zegar-strazy-c9837ef7.jpg 758w\" sizes=\"(max-width: 227px) 100vw, 227px\" \/>Stra\u017c Honorowa Naj\u015bwi\u0119tszego Serca Pana Jezusa jest stowarzyszeniem skupiaj\u0105cym ludzi pragn\u0105cych odpowiedzie\u0107 na skarg\u0119 Pana Jezusa w\u00a0Ogr\u00f3jcu: \u201eCzy nie mogli\u015bcie czuwa\u0107 jednej godziny ze Mn\u0105?\u201d.<\/p>\n<p style=\"text-align: justify;\">Jej cz\u0142onkowie staraj\u0105 si\u0119 swoim wynagrodzeniem i mi\u0142o\u015bci\u0105 pociesza\u0107 Jezusowe Serce, nape\u0142nione bole\u015bci\u0105 z powodu zapomnienia i\u00a0niewdzi\u0119czno\u015bci ludzkiej. To Serce, zranione niegdy\u015b na krzy\u017cu w\u0142\u00f3czni\u0105 setnika, a wci\u0105\u017c ranione przez nasze grzechy, mimo i\u017c jest Ono \u017ar\u00f3d\u0142em mocy i chrze\u015bcija\u0144skiej nadziei. Dewiz\u0105 Arcybractwa jest wi\u0119c: cze\u015b\u0107, mi\u0142o\u015b\u0107, wynagrodzenie Sercu Jezusa.<\/p>\n<p style=\"text-align: justify;\">W tym celu cz\u0142onkowie Stra\u017cy obieraj\u0105 sobie jedn\u0105 godzin\u0119 w ci\u0105gu dnia, aby w\u015br\u00f3d codziennych zaj\u0119\u0107, my\u015bl\u0105 i sercem towarzyszy\u0107 Jezusowi obecnemu w tabernakulum, oddawa\u0107 Mu cze\u015b\u0107, wynagradza\u0107 i\u00a0ofiarowywa\u0107 swoje \u017cycie, a nade wszystko wiern\u0105 mi\u0142o\u015b\u0107.<\/p>\n<p class=\"Brakstyluakapitowego\" style=\"text-align: justify;\">\n<strong>Zadaniem Arcybractwa jest zatem:<\/strong><\/p>\n<ol style=\"text-align: justify;\">\n<li>rozwijanie nabo\u017ce\u0144stwa do Bo\u017cego Serca b\u0119d\u0105cego lekarstwem, kt\u00f3re nie tylko uzdrawia, ale r\u00f3wnie\u017c zapobiega sekularyzacji, zmierzaj\u0105cej do wyeliminowania widzialnych znak\u00f3w wiary chrze\u015bcija\u0144skiej;<\/li>\n<li>ca\u0142kowite po\u015bwi\u0119canie si\u0119 Bo\u017cemu Sercu, tak aby mog\u0142o dokonywa\u0107 si\u0119 uzdrawianie \u017cycia moralnego cz\u0142owieka, rozw\u00f3j jego cn\u00f3t i r\u00f3\u017cnorodnych dar\u00f3w Ducha \u015bw.<\/li>\n<li>przez pog\u0142\u0119bianie wiary umacnianie \u017cycia apostolskiego i realizacja obowi\u0105zk\u00f3w rodzinnych i zawodowych w\u00a0u\u015bwi\u0119caj\u0105cej mi\u0142o\u015bci Chrystusa;<\/li>\n<li>budzenie \u015bwiadomej mi\u0142o\u015bci do bli\u017aniego przez podejmowanie pracy nad w\u0142asnym sercem, aby synowsk\u0105 mi\u0142o\u015b\u0107 do\u00a0Boga \u0142\u0105czy\u0107 z mi\u0142o\u015bci\u0105 bratersk\u0105.<\/li>\n<\/ol>\n<p class=\"Brakstyluakapitowego\" style=\"text-align: justify;\">Dzi\u0119ki tej formie pobo\u017cno\u015bci, cz\u0142onkowie Arcybractwa kszta\u0142tuj\u0105 swoje \u017cycie wewn\u0119trzne, realizuj\u0105c na co dzie\u0144 powo\u0142anie do\u00a0\u015bwi\u0119to\u015bci i wsp\u00f3\u0142uczestnicz\u0105c w dziele zbawienia \u015bwiata oraz Nowej Ewangelizacji.<\/p>\n","protected":false},"excerpt":{"rendered":"<p>Stra\u017c Honorowa Naj\u015bwi\u0119tszego Serca Pana Jezusa jest stowarzyszeniem skupiaj\u0105cym ludzi pragn\u0105cych odpowiedzie\u0107 na skarg\u0119 Pana Jezusa w\u00a0Ogr\u00f3jcu: \u201eCzy nie mogli\u015bcie czuwa\u0107 jednej godziny ze Mn\u0105?\u201d. Jej cz\u0142onkowie staraj\u0105 si\u0119 swoim wynagrodzeniem i mi\u0142o\u015bci\u0105 pociesza\u0107 Jezusowe Serce, nape\u0142nione bole\u015bci\u0105 z powodu zapomnienia i\u00a0niewdzi\u0119czno\u015bci ludzkiej. To Serce, zranione niegdy\u015b na krzy\u017cu w\u0142\u00f3czni\u0105 setnika, a wci\u0105\u017c ranione przez [&hellip;]<\/p>\n","protected":false},"author":2,"featured_media":0,"parent":0,"menu_order":0,"comment_status":"closed","ping_status":"closed","template":"","meta":[],"_links":{"self":[{"href":"http:\/\/www.swjanzakrzow.archidiecezja.wroc.pl\/index.php?rest_route=\/wp\/v2\/pages\/98"}],"collection":[{"href":"http:\/\/www.swjanzakrzow.archidiecezja.wroc.pl\/index.php?rest_route=\/wp\/v2\/pages"}],"about":[{"href":"http:\/\/www.swjanzakrzow.archidiecezja.wroc.pl\/index.php?rest_route=\/wp\/v2\/types\/page"}],"author":[{"embeddable":true,"href":"http:\/\/www.swjanzakrzow.archidiecezja.wroc.pl\/index.php?rest_route=\/wp\/v2\/users\/2"}],"replies":[{"embeddable":true,"href":"http:\/\/www.swjanzakrzow.archidiecezja.wroc.pl\/index.php?rest_route=%2Fwp%2Fv2%2Fcomments&post=98"}],"version-history":[{"count":3,"href":"http:\/\/www.swjanzakrzow.archidiecezja.wroc.pl\/index.php?rest_route=\/wp\/v2\/pages\/98\/revisions"}],"predecessor-version":[{"id":228,"href":"http:\/\/www.swjanzakrzow.archidiecezja.wroc.pl\/index.php?rest_route=\/wp\/v2\/pages\/98\/revisions\/228"}],"wp:attachment":[{"href":"http:\/\/www.swjanzakrzow.archidiecezja.wroc.pl\/index.php?rest_route=%2Fwp%2Fv2%2Fmedia&parent=98"}],"curies":[{"name":"wp","href":"https:\/\/api.w.org\/{rel}","templated":true}]}}